{"id":1351,"date":"2023-09-18T12:25:14","date_gmt":"2023-09-18T12:25:14","guid":{"rendered":"https:\/\/panna.com.tr\/produktanfrageformular\/"},"modified":"2024-02-06T11:35:18","modified_gmt":"2024-02-06T11:35:18","slug":"produktanfrageformular","status":"publish","type":"page","link":"https:\/\/panna.com.tr\/de\/produktanfrageformular\/","title":{"rendered":"Produktanfrageformular"},"content":{"rendered":"","protected":false},"excerpt":{"rendered":"","protected":false},"author":1,"featured_media":0,"parent":0,"menu_order":0,"comment_status":"closed","ping_status":"closed","template":"","meta":{"footnotes":""},"class_list":["post-1351","page","type-page","status-publish","hentry"],"yoast_head":"<!-- This site is optimized with the Yoast SEO plugin v21.9.1 - https:\/\/yoast.com\/wordpress\/plugins\/seo\/ -->\n<title>Produktanfrageformular - Panna - Essbare K\u00f6stlichkeiten<\/title>\n<meta name=\"description\" content=\"Durch die Kombination von Hygiene, Qualit\u00e4t und Geschmack sind wir nach wie vor die bevorzugte Marke der T\u00fcrkei. Entdecken Sie den Geschmack mit Panna!\" \/>\n<meta name=\"robots\" content=\"index, follow, max-snippet:-1, max-image-preview:large, max-video-preview:-1\" \/>\n<link rel=\"canonical\" href=\"https:\/\/panna.com.tr\/de\/produktanfrageformular\/\" \/>\n<meta property=\"og:locale\" content=\"de_DE\" \/>\n<meta property=\"og:type\" content=\"article\" \/>\n<meta property=\"og:title\" content=\"Produktanfrageformular - Panna - Essbare K\u00f6stlichkeiten\" \/>\n<meta property=\"og:description\" content=\"Durch die Kombination von Hygiene, Qualit\u00e4t und Geschmack sind wir nach wie vor die bevorzugte Marke der T\u00fcrkei. Entdecken Sie den Geschmack mit Panna!\" \/>\n<meta property=\"og:url\" content=\"https:\/\/panna.com.tr\/de\/produktanfrageformular\/\" \/>\n<meta property=\"og:site_name\" content=\"Panna\" \/>\n<meta property=\"article:modified_time\" content=\"2024-02-06T11:35:18+00:00\" \/>\n<meta name=\"twitter:card\" content=\"summary_large_image\" \/>\n<script type=\"application\/ld+json\" class=\"yoast-schema-graph\">{\"@context\":\"https:\/\/schema.org\",\"@graph\":[{\"@type\":\"WebPage\",\"@id\":\"https:\/\/panna.com.tr\/de\/produktanfrageformular\/\",\"url\":\"https:\/\/panna.com.tr\/de\/produktanfrageformular\/\",\"name\":\"Produktanfrageformular - Panna - Essbare K\u00f6stlichkeiten\",\"isPartOf\":{\"@id\":\"https:\/\/panna.com.tr\/de\/#website\"},\"datePublished\":\"2023-09-18T12:25:14+00:00\",\"dateModified\":\"2024-02-06T11:35:18+00:00\",\"description\":\"Durch die Kombination von Hygiene, Qualit\u00e4t und Geschmack sind wir nach wie vor die bevorzugte Marke der T\u00fcrkei. Entdecken Sie den Geschmack mit Panna!\",\"breadcrumb\":{\"@id\":\"https:\/\/panna.com.tr\/de\/produktanfrageformular\/#breadcrumb\"},\"inLanguage\":\"de\",\"potentialAction\":[{\"@type\":\"ReadAction\",\"target\":[\"https:\/\/panna.com.tr\/de\/produktanfrageformular\/\"]}]},{\"@type\":\"BreadcrumbList\",\"@id\":\"https:\/\/panna.com.tr\/de\/produktanfrageformular\/#breadcrumb\",\"itemListElement\":[{\"@type\":\"ListItem\",\"position\":1,\"name\":\"Anasayfa\",\"item\":\"https:\/\/panna.com.tr\/de\/\"},{\"@type\":\"ListItem\",\"position\":2,\"name\":\"Produktanfrageformular\"}]},{\"@type\":\"WebSite\",\"@id\":\"https:\/\/panna.com.tr\/de\/#website\",\"url\":\"https:\/\/panna.com.tr\/de\/\",\"name\":\"Panna\",\"description\":\"\",\"publisher\":{\"@id\":\"https:\/\/panna.com.tr\/de\/#organization\"},\"potentialAction\":[{\"@type\":\"SearchAction\",\"target\":{\"@type\":\"EntryPoint\",\"urlTemplate\":\"https:\/\/panna.com.tr\/de\/?s={search_term_string}\"},\"query-input\":\"required name=search_term_string\"}],\"inLanguage\":\"de\"},{\"@type\":\"Organization\",\"@id\":\"https:\/\/panna.com.tr\/de\/#organization\",\"name\":\"Panna Krema\",\"url\":\"https:\/\/panna.com.tr\/de\/\",\"logo\":{\"@type\":\"ImageObject\",\"inLanguage\":\"de\",\"@id\":\"https:\/\/panna.com.tr\/de\/#\/schema\/logo\/image\/\",\"url\":\"https:\/\/panna.com.tr\/pn-uploads\/2023\/09\/panna-logo-n.webp\",\"contentUrl\":\"https:\/\/panna.com.tr\/pn-uploads\/2023\/09\/panna-logo-n.webp\",\"width\":270,\"height\":94,\"caption\":\"Panna Krema\"},\"image\":{\"@id\":\"https:\/\/panna.com.tr\/de\/#\/schema\/logo\/image\/\"}}]}<\/script>\n<!-- \/ Yoast SEO plugin. -->","yoast_head_json":{"title":"Produktanfrageformular - Panna - Essbare K\u00f6stlichkeiten","description":"Durch die Kombination von Hygiene, Qualit\u00e4t und Geschmack sind wir nach wie vor die bevorzugte Marke der T\u00fcrkei. Entdecken Sie den Geschmack mit Panna!","robots":{"index":"index","follow":"follow","max-snippet":"max-snippet:-1","max-image-preview":"max-image-preview:large","max-video-preview":"max-video-preview:-1"},"canonical":"https:\/\/panna.com.tr\/de\/produktanfrageformular\/","og_locale":"de_DE","og_type":"article","og_title":"Produktanfrageformular - Panna - Essbare K\u00f6stlichkeiten","og_description":"Durch die Kombination von Hygiene, Qualit\u00e4t und Geschmack sind wir nach wie vor die bevorzugte Marke der T\u00fcrkei. Entdecken Sie den Geschmack mit Panna!","og_url":"https:\/\/panna.com.tr\/de\/produktanfrageformular\/","og_site_name":"Panna","article_modified_time":"2024-02-06T11:35:18+00:00","twitter_card":"summary_large_image","schema":{"@context":"https:\/\/schema.org","@graph":[{"@type":"WebPage","@id":"https:\/\/panna.com.tr\/de\/produktanfrageformular\/","url":"https:\/\/panna.com.tr\/de\/produktanfrageformular\/","name":"Produktanfrageformular - Panna - Essbare K\u00f6stlichkeiten","isPartOf":{"@id":"https:\/\/panna.com.tr\/de\/#website"},"datePublished":"2023-09-18T12:25:14+00:00","dateModified":"2024-02-06T11:35:18+00:00","description":"Durch die Kombination von Hygiene, Qualit\u00e4t und Geschmack sind wir nach wie vor die bevorzugte Marke der T\u00fcrkei. Entdecken Sie den Geschmack mit Panna!","breadcrumb":{"@id":"https:\/\/panna.com.tr\/de\/produktanfrageformular\/#breadcrumb"},"inLanguage":"de","potentialAction":[{"@type":"ReadAction","target":["https:\/\/panna.com.tr\/de\/produktanfrageformular\/"]}]},{"@type":"BreadcrumbList","@id":"https:\/\/panna.com.tr\/de\/produktanfrageformular\/#breadcrumb","itemListElement":[{"@type":"ListItem","position":1,"name":"Anasayfa","item":"https:\/\/panna.com.tr\/de\/"},{"@type":"ListItem","position":2,"name":"Produktanfrageformular"}]},{"@type":"WebSite","@id":"https:\/\/panna.com.tr\/de\/#website","url":"https:\/\/panna.com.tr\/de\/","name":"Panna","description":"","publisher":{"@id":"https:\/\/panna.com.tr\/de\/#organization"},"potentialAction":[{"@type":"SearchAction","target":{"@type":"EntryPoint","urlTemplate":"https:\/\/panna.com.tr\/de\/?s={search_term_string}"},"query-input":"required name=search_term_string"}],"inLanguage":"de"},{"@type":"Organization","@id":"https:\/\/panna.com.tr\/de\/#organization","name":"Panna Krema","url":"https:\/\/panna.com.tr\/de\/","logo":{"@type":"ImageObject","inLanguage":"de","@id":"https:\/\/panna.com.tr\/de\/#\/schema\/logo\/image\/","url":"https:\/\/panna.com.tr\/pn-uploads\/2023\/09\/panna-logo-n.webp","contentUrl":"https:\/\/panna.com.tr\/pn-uploads\/2023\/09\/panna-logo-n.webp","width":270,"height":94,"caption":"Panna Krema"},"image":{"@id":"https:\/\/panna.com.tr\/de\/#\/schema\/logo\/image\/"}}]}},"_links":{"self":[{"href":"https:\/\/panna.com.tr\/de\/wp-json\/wp\/v2\/pages\/1351","targetHints":{"allow":["GET"]}}],"collection":[{"href":"https:\/\/panna.com.tr\/de\/wp-json\/wp\/v2\/pages"}],"about":[{"href":"https:\/\/panna.com.tr\/de\/wp-json\/wp\/v2\/types\/page"}],"author":[{"embeddable":true,"href":"https:\/\/panna.com.tr\/de\/wp-json\/wp\/v2\/users\/1"}],"replies":[{"embeddable":true,"href":"https:\/\/panna.com.tr\/de\/wp-json\/wp\/v2\/comments?post=1351"}],"version-history":[{"count":1,"href":"https:\/\/panna.com.tr\/de\/wp-json\/wp\/v2\/pages\/1351\/revisions"}],"predecessor-version":[{"id":1486,"href":"https:\/\/panna.com.tr\/de\/wp-json\/wp\/v2\/pages\/1351\/revisions\/1486"}],"wp:attachment":[{"href":"https:\/\/panna.com.tr\/de\/wp-json\/wp\/v2\/media?parent=1351"}],"curies":[{"name":"wp","href":"https:\/\/api.w.org\/{rel}","templated":true}]}}