{"id":1327,"date":"2023-11-16T07:46:00","date_gmt":"2023-11-16T07:46:00","guid":{"rendered":"https:\/\/panna.com.tr\/engagement-und-politik-fuer-halal-lebensmittel\/"},"modified":"2024-02-06T11:19:29","modified_gmt":"2024-02-06T11:19:29","slug":"engagement-und-politik-fuer-halal-lebensmittel","status":"publish","type":"page","link":"https:\/\/panna.com.tr\/de\/engagement-und-politik-fuer-halal-lebensmittel\/","title":{"rendered":"Engagement und Politik f\u00fcr Halal Lebensmittel"},"content":{"rendered":"\t\t<div data-elementor-type=\"wp-page\" data-elementor-id=\"1327\" class=\"elementor elementor-1327 elementor-1007\" data-elementor-post-type=\"page\">\n\t\t\t\t\t\t\t\t\t<section class=\"wd-negative-gap elementor-section elementor-top-section elementor-element elementor-element-bf3153d elementor-section-boxed elementor-section-height-default elementor-section-height-default wd-section-disabled\" data-id=\"bf3153d\" data-element_type=\"section\">\n\t\t\t\t\t\t<div class=\"elementor-container elementor-column-gap-default\">\n\t\t\t\t\t<div class=\"elementor-column elementor-col-100 elementor-top-column elementor-element elementor-element-33af808\" data-id=\"33af808\" data-element_type=\"column\">\n\t\t\t<div class=\"elementor-widget-wrap elementor-element-populated\">\n\t\t\t\t\t\t\t\t<div class=\"elementor-element elementor-element-9f2849e elementor-widget elementor-widget-wd_text_block\" data-id=\"9f2849e\" data-element_type=\"widget\" data-widget_type=\"wd_text_block.default\">\n\t\t\t\t<div class=\"elementor-widget-container\">\n\t\t\t\t\t\t<link rel=\"stylesheet\" id=\"wd-text-block-css\" href=\"https:\/\/panna.com.tr\/360\/css\/parts\/el-text-block.min.css?ver=7.2.4\" type=\"text\/css\" media=\"all\" \/> \t\t\t\t\t<div class=\"wd-text-block reset-last-child text-left\">\n\t\t\t\n\t\t\t<p>Unsere Organisation verpflichtet sich, in \u00dcbereinstimmung mit dem islamischen Fiqh f\u00fcr Allah (C.C.) zu produzieren. Es wird vereinbart, dass die Produktionen in \u00dcbereinstimmung mit den festgelegten Halal Produktionskriterien (TS OIC\/SMIIC 1:2019) durchgef\u00fchrt werden. <\/p><p> <\/p><p>Als GSK Panna verpflichtet sich GSK, die notwendigen Planungs und Umsetzungsstudien durchzuf\u00fchren, um die Kontinuit\u00e4t des Halal und Lebensmittelsicherheitsmanagementsystems zu gew\u00e4hrleisten, und alle notwendigen Bedingungen f\u00fcr die Mitarbeiter zu erf\u00fcllen, um die Bedingungen dieses Systems zu erf\u00fcllen, und diese geduldig und m\u00fchsam umzusetzen.<\/p><p>Die Gesch\u00e4ftsleitung von GSK Panna vermittelt allen Mitarbeitern die Bedeutung der Erf\u00fcllung der Kundenanforderungen, einschlie\u00dflich gesetzlicher und regulatorischer Anforderungen, und sorgt daf\u00fcr, dass das notwendige Bewusstsein geschaffen wird.<\/p><p> <\/p><p>Das GSK Panna Managementsystem muss in all seinen Aspekten und unter Ber\u00fccksichtigung der Notwendigkeit einer kontinuierlichen Verbesserung implementiert werden. Als Gesch\u00e4ftsleitung legt sie die Halal Lebensmittelproduktionspolitik fest, legt die notwendigen Ziele f\u00fcr die Umsetzung des Halal Lebensmittelsystems fest und nimmt sie in die Verantwortung der Mitarbeiter des Unternehmens auf. <\/p><p> <\/p><p>Das Management von GSK Panna verpflichtet sich, die notwendigen Zeit, Schulungs, Personal und Arbeitsressourcen f\u00fcr die Studien des Halal Lebensmittelsystems bereitzustellen. Dar\u00fcber hinaus ist entschlossen, die im Halal-Handbuch beschriebenen Verantwortlichkeiten durch den Halal-System-Beauftragten umzusetzen, der mit den Systemstudien beauftragt ist. Das Halal Lebensmittelmanagementsystem akzeptiert, dass Lebensmittel, die f\u00fcr die menschliche Gesundheit sch\u00e4dlich sind, keine Halal Produkte sind, und daher arbeitet das Halal Lebensmittelmanagement parallel zum Managementsystem f\u00fcr Lebensmittelsicherheit.  <\/p><p>Generaldirektor<\/p><p> <\/p>\n\t\t\t\t\t<\/div>\n\t\t\t\t<\/div>\n\t\t\t\t<\/div>\n\t\t\t\t\t<\/div>\n\t\t<\/div>\n\t\t\t\t\t\t\t<\/div>\n\t\t<\/section>\n\t\t\t\t\t\t\t<\/div>\n\t\t","protected":false},"excerpt":{"rendered":"<p>Unsere Organisation verpflichtet sich, in \u00dcbereinstimmung mit dem islamischen Fiqh f\u00fcr Allah (C.C.) zu produzieren. Es wird vereinbart, dass die<\/p>\n","protected":false},"author":1,"featured_media":0,"parent":0,"menu_order":0,"comment_status":"closed","ping_status":"closed","template":"","meta":{"footnotes":""},"class_list":["post-1327","page","type-page","status-publish","hentry"],"yoast_head":"<!-- This site is optimized with the Yoast SEO plugin v21.9.1 - https:\/\/yoast.com\/wordpress\/plugins\/seo\/ -->\n<title>Engagement und Politik f\u00fcr Halal Lebensmittel - Panna<\/title>\n<meta name=\"robots\" content=\"index, follow, max-snippet:-1, max-image-preview:large, max-video-preview:-1\" \/>\n<link rel=\"canonical\" href=\"https:\/\/panna.com.tr\/de\/engagement-und-politik-fuer-halal-lebensmittel\/\" \/>\n<meta property=\"og:locale\" content=\"de_DE\" \/>\n<meta property=\"og:type\" content=\"article\" \/>\n<meta property=\"og:title\" content=\"Engagement und Politik f\u00fcr Halal Lebensmittel - Panna\" \/>\n<meta property=\"og:description\" content=\"Unsere Organisation verpflichtet sich, in \u00dcbereinstimmung mit dem islamischen Fiqh f\u00fcr Allah (C.C.) zu produzieren. Es wird vereinbart, dass die\" \/>\n<meta property=\"og:url\" content=\"https:\/\/panna.com.tr\/de\/engagement-und-politik-fuer-halal-lebensmittel\/\" \/>\n<meta property=\"og:site_name\" content=\"Panna\" \/>\n<meta property=\"article:modified_time\" content=\"2024-02-06T11:19:29+00:00\" \/>\n<meta name=\"twitter:card\" content=\"summary_large_image\" \/>\n<meta name=\"twitter:label1\" content=\"Gesch\u00e4tzte Lesezeit\" \/>\n\t<meta name=\"twitter:data1\" content=\"2\u00a0Minuten\" \/>\n<script type=\"application\/ld+json\" class=\"yoast-schema-graph\">{\"@context\":\"https:\/\/schema.org\",\"@graph\":[{\"@type\":\"WebPage\",\"@id\":\"https:\/\/panna.com.tr\/de\/engagement-und-politik-fuer-halal-lebensmittel\/\",\"url\":\"https:\/\/panna.com.tr\/de\/engagement-und-politik-fuer-halal-lebensmittel\/\",\"name\":\"Engagement und Politik f\u00fcr Halal Lebensmittel - Panna\",\"isPartOf\":{\"@id\":\"https:\/\/panna.com.tr\/de\/#website\"},\"datePublished\":\"2023-11-16T07:46:00+00:00\",\"dateModified\":\"2024-02-06T11:19:29+00:00\",\"breadcrumb\":{\"@id\":\"https:\/\/panna.com.tr\/de\/engagement-und-politik-fuer-halal-lebensmittel\/#breadcrumb\"},\"inLanguage\":\"de\",\"potentialAction\":[{\"@type\":\"ReadAction\",\"target\":[\"https:\/\/panna.com.tr\/de\/engagement-und-politik-fuer-halal-lebensmittel\/\"]}]},{\"@type\":\"BreadcrumbList\",\"@id\":\"https:\/\/panna.com.tr\/de\/engagement-und-politik-fuer-halal-lebensmittel\/#breadcrumb\",\"itemListElement\":[{\"@type\":\"ListItem\",\"position\":1,\"name\":\"Anasayfa\",\"item\":\"https:\/\/panna.com.tr\/de\/\"},{\"@type\":\"ListItem\",\"position\":2,\"name\":\"Engagement und Politik f\u00fcr Halal Lebensmittel\"}]},{\"@type\":\"WebSite\",\"@id\":\"https:\/\/panna.com.tr\/de\/#website\",\"url\":\"https:\/\/panna.com.tr\/de\/\",\"name\":\"Panna\",\"description\":\"\",\"publisher\":{\"@id\":\"https:\/\/panna.com.tr\/de\/#organization\"},\"potentialAction\":[{\"@type\":\"SearchAction\",\"target\":{\"@type\":\"EntryPoint\",\"urlTemplate\":\"https:\/\/panna.com.tr\/de\/?s={search_term_string}\"},\"query-input\":\"required name=search_term_string\"}],\"inLanguage\":\"de\"},{\"@type\":\"Organization\",\"@id\":\"https:\/\/panna.com.tr\/de\/#organization\",\"name\":\"Panna Krema\",\"url\":\"https:\/\/panna.com.tr\/de\/\",\"logo\":{\"@type\":\"ImageObject\",\"inLanguage\":\"de\",\"@id\":\"https:\/\/panna.com.tr\/de\/#\/schema\/logo\/image\/\",\"url\":\"https:\/\/panna.com.tr\/pn-uploads\/2023\/09\/panna-logo-n.webp\",\"contentUrl\":\"https:\/\/panna.com.tr\/pn-uploads\/2023\/09\/panna-logo-n.webp\",\"width\":270,\"height\":94,\"caption\":\"Panna Krema\"},\"image\":{\"@id\":\"https:\/\/panna.com.tr\/de\/#\/schema\/logo\/image\/\"}}]}<\/script>\n<!-- \/ Yoast SEO plugin. -->","yoast_head_json":{"title":"Engagement und Politik f\u00fcr Halal Lebensmittel - Panna","robots":{"index":"index","follow":"follow","max-snippet":"max-snippet:-1","max-image-preview":"max-image-preview:large","max-video-preview":"max-video-preview:-1"},"canonical":"https:\/\/panna.com.tr\/de\/engagement-und-politik-fuer-halal-lebensmittel\/","og_locale":"de_DE","og_type":"article","og_title":"Engagement und Politik f\u00fcr Halal Lebensmittel - Panna","og_description":"Unsere Organisation verpflichtet sich, in \u00dcbereinstimmung mit dem islamischen Fiqh f\u00fcr Allah (C.C.) zu produzieren. Es wird vereinbart, dass die","og_url":"https:\/\/panna.com.tr\/de\/engagement-und-politik-fuer-halal-lebensmittel\/","og_site_name":"Panna","article_modified_time":"2024-02-06T11:19:29+00:00","twitter_card":"summary_large_image","twitter_misc":{"Gesch\u00e4tzte Lesezeit":"2\u00a0Minuten"},"schema":{"@context":"https:\/\/schema.org","@graph":[{"@type":"WebPage","@id":"https:\/\/panna.com.tr\/de\/engagement-und-politik-fuer-halal-lebensmittel\/","url":"https:\/\/panna.com.tr\/de\/engagement-und-politik-fuer-halal-lebensmittel\/","name":"Engagement und Politik f\u00fcr Halal Lebensmittel - Panna","isPartOf":{"@id":"https:\/\/panna.com.tr\/de\/#website"},"datePublished":"2023-11-16T07:46:00+00:00","dateModified":"2024-02-06T11:19:29+00:00","breadcrumb":{"@id":"https:\/\/panna.com.tr\/de\/engagement-und-politik-fuer-halal-lebensmittel\/#breadcrumb"},"inLanguage":"de","potentialAction":[{"@type":"ReadAction","target":["https:\/\/panna.com.tr\/de\/engagement-und-politik-fuer-halal-lebensmittel\/"]}]},{"@type":"BreadcrumbList","@id":"https:\/\/panna.com.tr\/de\/engagement-und-politik-fuer-halal-lebensmittel\/#breadcrumb","itemListElement":[{"@type":"ListItem","position":1,"name":"Anasayfa","item":"https:\/\/panna.com.tr\/de\/"},{"@type":"ListItem","position":2,"name":"Engagement und Politik f\u00fcr Halal Lebensmittel"}]},{"@type":"WebSite","@id":"https:\/\/panna.com.tr\/de\/#website","url":"https:\/\/panna.com.tr\/de\/","name":"Panna","description":"","publisher":{"@id":"https:\/\/panna.com.tr\/de\/#organization"},"potentialAction":[{"@type":"SearchAction","target":{"@type":"EntryPoint","urlTemplate":"https:\/\/panna.com.tr\/de\/?s={search_term_string}"},"query-input":"required name=search_term_string"}],"inLanguage":"de"},{"@type":"Organization","@id":"https:\/\/panna.com.tr\/de\/#organization","name":"Panna Krema","url":"https:\/\/panna.com.tr\/de\/","logo":{"@type":"ImageObject","inLanguage":"de","@id":"https:\/\/panna.com.tr\/de\/#\/schema\/logo\/image\/","url":"https:\/\/panna.com.tr\/pn-uploads\/2023\/09\/panna-logo-n.webp","contentUrl":"https:\/\/panna.com.tr\/pn-uploads\/2023\/09\/panna-logo-n.webp","width":270,"height":94,"caption":"Panna Krema"},"image":{"@id":"https:\/\/panna.com.tr\/de\/#\/schema\/logo\/image\/"}}]}},"_links":{"self":[{"href":"https:\/\/panna.com.tr\/de\/wp-json\/wp\/v2\/pages\/1327","targetHints":{"allow":["GET"]}}],"collection":[{"href":"https:\/\/panna.com.tr\/de\/wp-json\/wp\/v2\/pages"}],"about":[{"href":"https:\/\/panna.com.tr\/de\/wp-json\/wp\/v2\/types\/page"}],"author":[{"embeddable":true,"href":"https:\/\/panna.com.tr\/de\/wp-json\/wp\/v2\/users\/1"}],"replies":[{"embeddable":true,"href":"https:\/\/panna.com.tr\/de\/wp-json\/wp\/v2\/comments?post=1327"}],"version-history":[{"count":5,"href":"https:\/\/panna.com.tr\/de\/wp-json\/wp\/v2\/pages\/1327\/revisions"}],"predecessor-version":[{"id":1365,"href":"https:\/\/panna.com.tr\/de\/wp-json\/wp\/v2\/pages\/1327\/revisions\/1365"}],"wp:attachment":[{"href":"https:\/\/panna.com.tr\/de\/wp-json\/wp\/v2\/media?parent=1327"}],"curies":[{"name":"wp","href":"https:\/\/api.w.org\/{rel}","templated":true}]}}